{"id":43658,"date":"2025-01-09T09:36:03","date_gmt":"2025-01-09T08:36:03","guid":{"rendered":"https:\/\/stage-fp.webenv.pl\/?page_id=43658"},"modified":"2025-01-09T09:44:01","modified_gmt":"2025-01-09T08:44:01","slug":"information-for-shareholders","status":"publish","type":"page","link":"https:\/\/www.future-processing.com\/information-for-shareholders\/","title":{"rendered":"Information for shareholders"},"content":{"rendered":"\t\t<div data-elementor-type=\"wp-page\" data-elementor-id=\"43658\" class=\"elementor elementor-43658\" data-elementor-post-type=\"page\">\n\t\t\t\t<div class=\"elementor-element elementor-element-7870fc3 e-con-full e-flex e-con e-parent\" data-id=\"7870fc3\" data-element_type=\"container\" data-e-type=\"container\">\n\t\t<div class=\"elementor-element elementor-element-29c8524 e-flex e-con-boxed e-con e-child\" data-id=\"29c8524\" data-element_type=\"container\" data-e-type=\"container\">\n\t\t\t\t\t<div class=\"e-con-inner\">\n\t\t\t\t<div class=\"elementor-element elementor-element-3c6e76d elementor-widget elementor-widget-fp_header\" data-id=\"3c6e76d\" data-element_type=\"widget\" data-e-type=\"widget\" data-widget_type=\"fp_header.default\">\n\t\t\t\t<div class=\"elementor-widget-container\">\n\t\t\t\t\t        <h2        class=\"f-headline-extra-large f-headline-extra-large--light                 f-line\"\n        >\n        <div ><p><strong>Request for submitting shares to the company<\/strong><\/p><\/div>\n        <\/h2>\n        \t\t\t\t<\/div>\n\t\t\t\t<\/div>\n\t\t\t\t<div class=\"elementor-element elementor-element-bbf4a95 elementor-widget__width-initial elementor-widget elementor-widget-text-editor\" data-id=\"bbf4a95\" data-element_type=\"widget\" data-e-type=\"widget\" data-widget_type=\"text-editor.default\">\n\t\t\t\t<div class=\"elementor-widget-container\">\n\t\t\t\t\t\t\t\t\t<p><em>Gliwice, 28 February 2023<\/em><br \/><br \/>In connection with the enforcement of the Act of 30 August 2019 on amendments to the Code of Commercial Companies and certain other acts (Journal of Laws No. 2019. 1798), hereinafter referred to as the<strong>\u00a0Act<\/strong>, Future Processing S.A. (hereinafter referred to as the\u00a0<strong>\u201cCompany\u201d<\/strong>) hereby informs the shareholders about the enforcement of\u00a0<strong>an obligatory dematerialisation of shares of companies which means replacing paper shares with electronic records in the register of shareholders\u00a0<\/strong>kept by an entity referred to in Art. 328<sup>1<\/sup>\u00a0\u00a7 2 of the Code of Commercial Companies, as set out in the Act, in the Polish legal system.<\/p><p>In accordance with the amendments, valid share documents issued by the Company will expire by law as of 1 March 2021. Then, the shares will not form documents confirming the status of the shareholder, but only evidence that is necessary to update the\u00a0<strong>electronic register of shareholders.<\/strong>\u00a0In turn, after 1 March 2026, membership rights of shareholders whose\u00a0<strong>share documents have been neither submitted to the company nor disclosed in the electronic register of shareholders<\/strong>\u00a0will be excluded from protection.<\/p><p>Given the above,\u00a0<strong>the Directors of the Company hereby present the shareholders with the sixth request for\u00a0<\/strong>submitting their share documents by 28 February 2021 to the Company\u2019s offices at ul. Bojkowska 37A, 44-100 Gliwice, where they will be transformed in an electronic record. The shareholders will receive written confirmation of the submission of their share documents to the Company.<\/p><p>To obtain more information about the dematerialisation of shares, please contact us by e-mail at\u00a0<a href=\"mailto:zarzad@future-processing.com\">zarzad@future-processing.com<\/a><\/p><p><em>\u00a0<\/em><\/p><p><strong>Directors of Future Processing S.A.<\/strong><\/p><p><strong>Micha\u0142 Sztanga<br \/><\/strong>President of the Board<\/p><p><strong>Tomasz Ciapa\u0142a<br \/><\/strong>Vice President of the Board<\/p><p><strong>Miko\u0142aj Gw\u00f3\u017ad\u017a<br \/><\/strong>Vice President of the Board<\/p><p><strong>Pawe\u0142 Pustelnik<\/strong><br \/>Vice President of the Board<\/p>\t\t\t\t\t\t\t\t<\/div>\n\t\t\t\t<\/div>\n\t\t\t\t\t<\/div>\n\t\t\t\t<\/div>\n\t\t\t\t<\/div>\n\t\t\t\t<\/div>\n\t\t","protected":false},"excerpt":{"rendered":"<p>Request for submitting shares to the company Gliwice, 28 February 2023 In connection with the enforcement of the Act of 30 August 2019 on amendments to the Code of Commercial Companies and certain other acts (Journal of Laws No. 2019. 1798), hereinafter referred to as the\u00a0Act, Future Processing S.A. (hereinafter referred to as the\u00a0\u201cCompany\u201d) hereby [&hellip;]<\/p>\n","protected":false},"author":1,"featured_media":0,"parent":0,"menu_order":0,"comment_status":"closed","ping_status":"closed","template":"","meta":{"_acf_changed":false,"footnotes":""},"class_list":["post-43658","page","type-page","status-publish","hentry"],"acf":[],"lang":"en-gb","translations":{"en-gb":43658,"pl":43672,"de":43683},"pll_sync_post":[],"_links":{"self":[{"href":"https:\/\/www.future-processing.com\/wp-json\/wp\/v2\/pages\/43658","targetHints":{"allow":["GET"]}}],"collection":[{"href":"https:\/\/www.future-processing.com\/wp-json\/wp\/v2\/pages"}],"about":[{"href":"https:\/\/www.future-processing.com\/wp-json\/wp\/v2\/types\/page"}],"author":[{"embeddable":true,"href":"https:\/\/www.future-processing.com\/wp-json\/wp\/v2\/users\/1"}],"replies":[{"embeddable":true,"href":"https:\/\/www.future-processing.com\/wp-json\/wp\/v2\/comments?post=43658"}],"version-history":[{"count":0,"href":"https:\/\/www.future-processing.com\/wp-json\/wp\/v2\/pages\/43658\/revisions"}],"wp:attachment":[{"href":"https:\/\/www.future-processing.com\/wp-json\/wp\/v2\/media?parent=43658"}],"curies":[{"name":"wp","href":"https:\/\/api.w.org\/{rel}","templated":true}]}}