{"id":24842,"date":"2024-08-19T08:40:47","date_gmt":"2024-08-19T06:40:47","guid":{"rendered":"https:\/\/stage-fp.webenv.pl\/?page_id=24842"},"modified":"2025-10-21T15:37:47","modified_gmt":"2025-10-21T13:37:47","slug":"besucher-unserer-gebaude","status":"publish","type":"page","link":"https:\/\/www.future-processing.com\/de\/datenschutzerklarung\/besucher-unserer-gebaude\/","title":{"rendered":"Besucher unserer Geb\u00e4ude"},"content":{"rendered":"\t\t<div data-elementor-type=\"wp-page\" data-elementor-id=\"24842\" class=\"elementor elementor-24842\" data-elementor-post-type=\"page\">\n\t\t\t\t<div class=\"elementor-element elementor-element-48773e0 e-con-full e-flex e-con e-parent\" data-id=\"48773e0\" data-element_type=\"container\" data-e-type=\"container\">\n\t\t<div class=\"elementor-element elementor-element-cf8ea41 e-con-full e-flex e-con e-child\" data-id=\"cf8ea41\" data-element_type=\"container\" data-e-type=\"container\">\n\t\t\t\t<div class=\"elementor-element elementor-element-d1458ed elementor-widget elementor-widget-fp_breadcrumbs_links\" data-id=\"d1458ed\" data-element_type=\"widget\" data-e-type=\"widget\" data-widget_type=\"fp_breadcrumbs_links.default\">\n\t\t\t\t<div class=\"elementor-widget-container\">\n\t\t\t\t\t        <div\n            class=\"o-breadcrumbs__links  o-breadcrumbs\">\n            <div\n                class=\"o-breadcrumbs__links  e-con e-con-boxed o-breadcrumbs__links--added\">\n                                                                                                    <a\n                            href=\"https:\/\/www.future-processing.com\/de\/datenschutzerklarung\/\"\n                            class=\"o-breadcrumbs__link\"\n                            data-elementclick=\"Breadcrumbs link\"\n                            data-elementname=\"Datenschutzerkl\u00e4rung\"\n                        >\n                            Datenschutzerkl\u00e4rung                        <\/a>\n                                                                                    <span>Besucher unserer Geb\u00e4ude<\/span>\n            <\/div>\n        <\/div>\n        \t\t\t\t<\/div>\n\t\t\t\t<\/div>\n\t\t\t\t<\/div>\n\t\t<div class=\"elementor-element elementor-element-a143fb3 e-flex e-con-boxed e-con e-child\" data-id=\"a143fb3\" data-element_type=\"container\" data-e-type=\"container\">\n\t\t\t\t\t<div class=\"e-con-inner\">\n\t\t\t\t<div class=\"elementor-element elementor-element-711c024 elementor-widget elementor-widget-fp_header\" data-id=\"711c024\" data-element_type=\"widget\" data-e-type=\"widget\" data-widget_type=\"fp_header.default\">\n\t\t\t\t<div class=\"elementor-widget-container\">\n\t\t\t\t\t        <h2        class=\"f-headline-semi-large f-headline-semi-large--light                \"\n        >\n        <div ><strong>Datenverantwortlicher<\/strong><\/div>\n        <\/h2>\n        \t\t\t\t<\/div>\n\t\t\t\t<\/div>\n\t\t\t\t<div class=\"elementor-element elementor-element-1607538 elementor-widget elementor-widget-text-editor\" data-id=\"1607538\" data-element_type=\"widget\" data-e-type=\"widget\" data-widget_type=\"text-editor.default\">\n\t\t\t\t<div class=\"elementor-widget-container\">\n\t\t\t\t\t\t\t\t\t<p>Der Datenverantwortliche f\u00fcr Ihre personenbezogenen Daten ist Future Processing S.A. mit eingetragenem Sitz in Gleiwitz, ul. Bojkowska 37A, 44-100 Gleiwitz, eingetragen im Unternehmensregister des Bezirksgerichts Gleiwitz, X Gesch\u00e4ftsdivision des Landesgesch\u00e4ftsregisters unter der Nummer KRS 0000817352, USt.-Id.Nr. (NIP) 634-25-32-128.<\/p>\t\t\t\t\t\t\t\t<\/div>\n\t\t\t\t<\/div>\n\t\t\t\t<div class=\"elementor-element elementor-element-16afeee elementor-widget elementor-widget-fp_header\" data-id=\"16afeee\" data-element_type=\"widget\" data-e-type=\"widget\" data-widget_type=\"fp_header.default\">\n\t\t\t\t<div class=\"elementor-widget-container\">\n\t\t\t\t\t        <h2        class=\"f-headline-semi-large f-headline-semi-large--light                \"\n        >\n        <div ><p><strong>Fragen zu Ihren Daten <\/strong><\/p><\/div>\n        <\/h2>\n        \t\t\t\t<\/div>\n\t\t\t\t<\/div>\n\t\t\t\t<div class=\"elementor-element elementor-element-82bdc10 elementor-widget elementor-widget-text-editor\" data-id=\"82bdc10\" data-element_type=\"widget\" data-e-type=\"widget\" data-widget_type=\"text-editor.default\">\n\t\t\t\t<div class=\"elementor-widget-container\">\n\t\t\t\t\t\t\t\t\t<p>Wenn Sie Fragen zur Verarbeitung Ihrer personenbezogenen Daten haben, k\u00f6nnen Sie sich per E-Mail an uns wenden: <a href=\"mailto:gdpr@future-processing.com\">gdpr@future-processing.com<\/a>.<\/p>\t\t\t\t\t\t\t\t<\/div>\n\t\t\t\t<\/div>\n\t\t\t\t<div class=\"elementor-element elementor-element-f2751ec elementor-widget elementor-widget-fp_header\" data-id=\"f2751ec\" data-element_type=\"widget\" data-e-type=\"widget\" data-widget_type=\"fp_header.default\">\n\t\t\t\t<div class=\"elementor-widget-container\">\n\t\t\t\t\t        <h2        class=\"f-headline-semi-large f-headline-semi-large--light                \"\n        >\n        <div ><strong>Zweck und gesetzliche Grundlage der Datenverarbeitung\n<\/strong><\/div>\n        <\/h2>\n        \t\t\t\t<\/div>\n\t\t\t\t<\/div>\n\t\t<div class=\"elementor-element elementor-element-c95aa77 e-grid e-con-full e-con e-child\" data-id=\"c95aa77\" data-element_type=\"container\" data-e-type=\"container\">\n\t\t<div class=\"elementor-element elementor-element-fc6f8d8 e-con-full e-flex e-con e-child\" data-id=\"fc6f8d8\" data-element_type=\"container\" data-e-type=\"container\" data-settings=\"{&quot;background_background&quot;:&quot;classic&quot;}\">\n\t\t\t\t<div class=\"elementor-element elementor-element-7ecd7e9 elementor-widget elementor-widget-fp_header\" data-id=\"7ecd7e9\" data-element_type=\"widget\" data-e-type=\"widget\" data-widget_type=\"fp_header.default\">\n\t\t\t\t<div class=\"elementor-widget-container\">\n\t\t\t\t\t        <h3        class=\"f-paragraph                \"\n        >\n        <div >ZWECK DER DATENVERARBEITUNG<\/div>\n        <\/h3>\n        \t\t\t\t<\/div>\n\t\t\t\t<\/div>\n\t\t\t\t<\/div>\n\t\t<div class=\"elementor-element elementor-element-1edb2f3 e-con-full e-flex e-con e-child\" data-id=\"1edb2f3\" data-element_type=\"container\" data-e-type=\"container\" data-settings=\"{&quot;background_background&quot;:&quot;classic&quot;}\">\n\t\t\t\t<div class=\"elementor-element elementor-element-e2b33f0 elementor-widget elementor-widget-fp_header\" data-id=\"e2b33f0\" data-element_type=\"widget\" data-e-type=\"widget\" data-widget_type=\"fp_header.default\">\n\t\t\t\t<div class=\"elementor-widget-container\">\n\t\t\t\t\t        <h3        class=\"f-paragraph                \"\n        >\n        <div ><p>LEGAL BAGESETZLICHE GRUNDLAGESIS<\/p><\/div>\n        <\/h3>\n        \t\t\t\t<\/div>\n\t\t\t\t<\/div>\n\t\t\t\t<\/div>\n\t\t<div class=\"elementor-element elementor-element-d434865 e-con-full e-flex e-con e-child\" data-id=\"d434865\" data-element_type=\"container\" data-e-type=\"container\">\n\t\t\t\t<div class=\"elementor-element elementor-element-445a4ce elementor-widget elementor-widget-text-editor\" data-id=\"445a4ce\" data-element_type=\"widget\" data-e-type=\"widget\" data-widget_type=\"text-editor.default\">\n\t\t\t\t<div class=\"elementor-widget-container\">\n\t\t\t\t\t\t\t\t\t<p>Schutz von Geb\u00e4uden, Eigentum und Verm\u00f6genswerten sowie Gew\u00e4hrleistung der Sicherheit in den Geb\u00e4uden.<\/p>\t\t\t\t\t\t\t\t<\/div>\n\t\t\t\t<\/div>\n\t\t\t\t<\/div>\n\t\t<div class=\"elementor-element elementor-element-2ea2a97 e-con-full e-flex e-con e-child\" data-id=\"2ea2a97\" data-element_type=\"container\" data-e-type=\"container\">\n\t\t\t\t<div class=\"elementor-element elementor-element-e296bb1 elementor-widget elementor-widget-text-editor\" data-id=\"e296bb1\" data-element_type=\"widget\" data-e-type=\"widget\" data-widget_type=\"text-editor.default\">\n\t\t\t\t<div class=\"elementor-widget-container\">\n\t\t\t\t\t\t\t\t\t<p>Art. 6 Abs. 1 lit. f) DSGVO <br \/>Ein berechtigtes Interesse (Gew\u00e4hrleistung des Schutzes von Geb\u00e4uden, Eigentum und Verm\u00f6genswerten sowie Erkennung von Bedrohungen und Sicherheitsvorf\u00e4llen)<\/p>\t\t\t\t\t\t\t\t<\/div>\n\t\t\t\t<\/div>\n\t\t\t\t<\/div>\n\t\t\t\t<\/div>\n\t\t\t\t<div class=\"elementor-element elementor-element-a80692b elementor-widget elementor-widget-fp_header\" data-id=\"a80692b\" data-element_type=\"widget\" data-e-type=\"widget\" data-widget_type=\"fp_header.default\">\n\t\t\t\t<div class=\"elementor-widget-container\">\n\t\t\t\t\t        <h2        class=\"f-headline-semi-large f-headline-semi-large--light                \"\n        >\n        <div ><strong>Der Umfang der Daten<\/strong><\/div>\n        <\/h2>\n        \t\t\t\t<\/div>\n\t\t\t\t<\/div>\n\t\t\t\t<div class=\"elementor-element elementor-element-1725214 elementor-widget elementor-widget-text-editor\" data-id=\"1725214\" data-element_type=\"widget\" data-e-type=\"widget\" data-widget_type=\"text-editor.default\">\n\t\t\t\t<div class=\"elementor-widget-container\">\n\t\t\t\t\t\t\t\t\t<p>Aufgrund der Tatsache, dass Sie unsere Geb\u00e4ude besuchen oder die n\u00e4here Umgebung, k\u00f6nnten unsere CCTV-Kameras Ihr Bild aufgezeichnet haben.<\/p><p>Wenn Sie keine Zugangskarte besitzen, erfassen wir au\u00dferdem Ihre Daten (Vor- und Zuname, Unterschrift) in unseren Geb\u00e4udeeingangsregistern (entweder auf Papier oder elektronisch).<\/p>\t\t\t\t\t\t\t\t<\/div>\n\t\t\t\t<\/div>\n\t\t\t\t<div class=\"elementor-element elementor-element-b599dd8 elementor-widget elementor-widget-fp_header\" data-id=\"b599dd8\" data-element_type=\"widget\" data-e-type=\"widget\" data-widget_type=\"fp_header.default\">\n\t\t\t\t<div class=\"elementor-widget-container\">\n\t\t\t\t\t        <h2        class=\"f-headline-semi-large f-headline-semi-large--light                \"\n        >\n        <div ><strong>Empf\u00e4nger der personenbezogenen Daten\n<\/strong><\/div>\n        <\/h2>\n        \t\t\t\t<\/div>\n\t\t\t\t<\/div>\n\t\t\t\t<div class=\"elementor-element elementor-element-e90d984 elementor-widget elementor-widget-text-editor\" data-id=\"e90d984\" data-element_type=\"widget\" data-e-type=\"widget\" data-widget_type=\"text-editor.default\">\n\t\t\t\t<div class=\"elementor-widget-container\">\n\t\t\t\t\t\t\t\t\t<p>Wir k\u00f6nnen Ihre personenbezogenen Daten weiterleiten an:<\/p><ul><li>Unternehmen, die mit uns zusammenarbeiten, um den Schutz von Geb\u00e4uden, Besitzt\u00fcmern und Verm\u00f6gensgegenst\u00e4nden zu gew\u00e4hrleisten (insbesondere Sicherheitsfirmen).<\/li><li>Unternehmen, die uns ein elektronisches Geb\u00e4udeeingangsregister zur Verf\u00fcgung stellen.<\/li><li>\u00d6ffentliche Beh\u00f6rden oder \u00c4mter, die dazu gesetzlich autorisiert sind (z. B. Gerichte, Staatsanw\u00e4lte, Aufsichtsbeh\u00f6rden).<\/li><\/ul><p>In berechtigten F\u00e4llen k\u00f6nnen wir aufgezeichnete Daten an dritte Parteien weiterleiten (z. B. im Falle der Aufzeichnung eines Autounfalls auf dem Parkplatz); dabei ber\u00fccksichtigen wir jedoch den Datenschutz im Hinblick auf anwesende Personen.<\/p>\t\t\t\t\t\t\t\t<\/div>\n\t\t\t\t<\/div>\n\t\t\t\t<div class=\"elementor-element elementor-element-a0b399f elementor-widget elementor-widget-fp_header\" data-id=\"a0b399f\" data-element_type=\"widget\" data-e-type=\"widget\" data-widget_type=\"fp_header.default\">\n\t\t\t\t<div class=\"elementor-widget-container\">\n\t\t\t\t\t        <h2        class=\"f-headline-semi-large f-headline-semi-large--light                \"\n        >\n        <div ><strong>Zeitraum der Datenverarbeitung<\/strong><\/div>\n        <\/h2>\n        \t\t\t\t<\/div>\n\t\t\t\t<\/div>\n\t\t\t\t<div class=\"elementor-element elementor-element-69a3244 elementor-widget elementor-widget-text-editor\" data-id=\"69a3244\" data-element_type=\"widget\" data-e-type=\"widget\" data-widget_type=\"text-editor.default\">\n\t\t\t\t<div class=\"elementor-widget-container\">\n\t\t\t\t\t\t\t\t\t<p>Wir speichern Daten aus Videoaufzeichnungen bis zu einem Monat nach dem Aufnahmedatum.<\/p><p>Daten in einem Geb\u00e4udeeingangsregister in Buchform werden gespeichert, bis das Register voll ist, und danach bis zu einem Monat.<\/p><p>Daten in einem elektronischen Eingangsregister werden drei Monate ab der Datenerfassung gespeichert.<\/p>\t\t\t\t\t\t\t\t<\/div>\n\t\t\t\t<\/div>\n\t\t\t\t<div class=\"elementor-element elementor-element-f410c47 elementor-widget elementor-widget-fp_header\" data-id=\"f410c47\" data-element_type=\"widget\" data-e-type=\"widget\" data-widget_type=\"fp_header.default\">\n\t\t\t\t<div class=\"elementor-widget-container\">\n\t\t\t\t\t        <h2        class=\"f-headline-semi-large f-headline-semi-large--light                \"\n        >\n        <div ><strong>Ihre Rechte<\/strong><\/div>\n        <\/h2>\n        \t\t\t\t<\/div>\n\t\t\t\t<\/div>\n\t\t\t\t<div class=\"elementor-element elementor-element-4303ddb elementor-widget elementor-widget-text-editor\" data-id=\"4303ddb\" data-element_type=\"widget\" data-e-type=\"widget\" data-widget_type=\"text-editor.default\">\n\t\t\t\t<div class=\"elementor-widget-container\">\n\t\t\t\t\t\t\t\t\t<p>Im Falle der Datenerfassung aufgrund eines berechtigten Interesses, sind Sie berechtigt:<\/p><ul><li>Zugang zu Ihren Daten zu verlangen, zu deren Berichtigung, L\u00f6schung oder zur Einschr\u00e4nkung der Verarbeitung<\/li><li>Der Verarbeitung Ihrer personenbezogenen Daten zu widersprechen.<\/li><\/ul><p>Wenn Sie der Meinung sind, dass wir Ihre personenbezogenen Daten unter Versto\u00df gegen die geltenden Vorschriften verarbeiten, k\u00f6nnen Sie eine Beschwerde bei der Aufsichtsbeh\u00f6rde einreichen.<\/p>\t\t\t\t\t\t\t\t<\/div>\n\t\t\t\t<\/div>\n\t\t\t\t<div class=\"elementor-element elementor-element-b346c50 elementor-widget elementor-widget-fp_header\" data-id=\"b346c50\" data-element_type=\"widget\" data-e-type=\"widget\" data-widget_type=\"fp_header.default\">\n\t\t\t\t<div class=\"elementor-widget-container\">\n\t\t\t\t\t        <h2        class=\"f-headline-semi-large f-headline-semi-large--light                \"\n        >\n        <div ><strong>Die Notwendigkeit, personenbezogene Daten bereitzustellen<\/strong><\/div>\n        <\/h2>\n        \t\t\t\t<\/div>\n\t\t\t\t<\/div>\n\t\t\t\t<div class=\"elementor-element elementor-element-8f0801c elementor-widget elementor-widget-text-editor\" data-id=\"8f0801c\" data-element_type=\"widget\" data-e-type=\"widget\" data-widget_type=\"text-editor.default\">\n\t\t\t\t<div class=\"elementor-widget-container\">\n\t\t\t\t\t\t\t\t\t<p>Die Bereitstellung Ihrer personenbezogenen Daten ist freiwillig, kann jedoch erforderlich sein, um Zugang zu den B\u00fcros des Datenverantwortlichen zu erhalten.<\/p>\t\t\t\t\t\t\t\t<\/div>\n\t\t\t\t<\/div>\n\t\t\t\t<div class=\"elementor-element elementor-element-a9dcbf2 elementor-widget elementor-widget-fp_header\" data-id=\"a9dcbf2\" data-element_type=\"widget\" data-e-type=\"widget\" data-widget_type=\"fp_header.default\">\n\t\t\t\t<div class=\"elementor-widget-container\">\n\t\t\t\t\t        <h2        class=\"f-headline-semi-large f-headline-semi-large--light                \"\n        >\n        <div ><strong>Automatisierte Entscheidungsfindung<\/strong><\/div>\n        <\/h2>\n        \t\t\t\t<\/div>\n\t\t\t\t<\/div>\n\t\t\t\t<div class=\"elementor-element elementor-element-eaaae19 elementor-widget elementor-widget-text-editor\" data-id=\"eaaae19\" data-element_type=\"widget\" data-e-type=\"widget\" data-widget_type=\"text-editor.default\">\n\t\t\t\t<div class=\"elementor-widget-container\">\n\t\t\t\t\t\t\t\t\t<p>Wir werden Ihre Daten nicht f\u00fcr eine automatisierte Entscheidungsfindung, einschlie\u00dflich Profilbildung, verwenden.<\/p>\t\t\t\t\t\t\t\t<\/div>\n\t\t\t\t<\/div>\n\t\t\t\t\t<\/div>\n\t\t\t\t<\/div>\n\t\t\t\t<\/div>\n\t\t\t\t<\/div>\n\t\t","protected":false},"excerpt":{"rendered":"<p>Datenschutzerkl\u00e4rung Besucher unserer Geb\u00e4ude Datenverantwortlicher Der Datenverantwortliche f\u00fcr Ihre personenbezogenen Daten ist Future Processing S.A. mit eingetragenem Sitz in Gleiwitz, ul. Bojkowska 37A, 44-100 Gleiwitz, eingetragen im Unternehmensregister des Bezirksgerichts Gleiwitz, X Gesch\u00e4ftsdivision des Landesgesch\u00e4ftsregisters unter der Nummer KRS 0000817352, USt.-Id.Nr. (NIP) 634-25-32-128. Fragen zu Ihren Daten Wenn Sie Fragen zur Verarbeitung Ihrer personenbezogenen Daten [&hellip;]<\/p>\n","protected":false},"author":3,"featured_media":0,"parent":17434,"menu_order":5,"comment_status":"closed","ping_status":"closed","template":"","meta":{"_acf_changed":false,"footnotes":""},"class_list":["post-24842","page","type-page","status-publish","hentry"],"acf":[],"lang":"de","translations":{"de":24842,"pl":23742,"en-gb":17545},"pll_sync_post":[],"_links":{"self":[{"href":"https:\/\/www.future-processing.com\/wp-json\/wp\/v2\/pages\/24842","targetHints":{"allow":["GET"]}}],"collection":[{"href":"https:\/\/www.future-processing.com\/wp-json\/wp\/v2\/pages"}],"about":[{"href":"https:\/\/www.future-processing.com\/wp-json\/wp\/v2\/types\/page"}],"author":[{"embeddable":true,"href":"https:\/\/www.future-processing.com\/wp-json\/wp\/v2\/users\/3"}],"replies":[{"embeddable":true,"href":"https:\/\/www.future-processing.com\/wp-json\/wp\/v2\/comments?post=24842"}],"version-history":[{"count":0,"href":"https:\/\/www.future-processing.com\/wp-json\/wp\/v2\/pages\/24842\/revisions"}],"up":[{"embeddable":true,"href":"https:\/\/www.future-processing.com\/wp-json\/wp\/v2\/pages\/17434"}],"wp:attachment":[{"href":"https:\/\/www.future-processing.com\/wp-json\/wp\/v2\/media?parent=24842"}],"curies":[{"name":"wp","href":"https:\/\/api.w.org\/{rel}","templated":true}]}}