{"id":23854,"date":"2024-08-16T14:51:13","date_gmt":"2024-08-16T12:51:13","guid":{"rendered":"https:\/\/stage-fp.webenv.pl\/?page_id=23854"},"modified":"2024-09-10T11:56:23","modified_gmt":"2024-09-10T09:56:23","slug":"impressum","status":"publish","type":"page","link":"https:\/\/www.future-processing.com\/de\/impressum\/","title":{"rendered":"Impressum"},"content":{"rendered":"\t\t<div data-elementor-type=\"wp-page\" data-elementor-id=\"23854\" class=\"elementor elementor-23854\" data-elementor-post-type=\"page\">\n\t\t\t\t<div class=\"elementor-element elementor-element-b5dc294 e-flex e-con-boxed e-con e-parent\" data-id=\"b5dc294\" data-element_type=\"container\" data-e-type=\"container\">\n\t\t\t\t\t<div class=\"e-con-inner\">\n\t\t\t\t\t<\/div>\n\t\t\t\t<\/div>\n\t\t<div class=\"elementor-element elementor-element-64d1f43 e-flex e-con-boxed e-con e-parent\" data-id=\"64d1f43\" data-element_type=\"container\" data-e-type=\"container\">\n\t\t\t\t\t<div class=\"e-con-inner\">\n\t\t\t\t<div class=\"elementor-element elementor-element-66c4df5 o-margin--first-section elementor-widget elementor-widget-fp_header\" data-id=\"66c4df5\" data-element_type=\"widget\" data-e-type=\"widget\" data-widget_type=\"fp_header.default\">\n\t\t\t\t<div class=\"elementor-widget-container\">\n\t\t\t\t\t        <h2        class=\"f-headline-semi-large f-headline-semi-large--light                \"\n        >\n        <div ><p><strong>Future Processing S.A.<\/strong><\/p><\/div>\n        <\/h2>\n        \t\t\t\t<\/div>\n\t\t\t\t<\/div>\n\t\t\t\t<div class=\"elementor-element elementor-element-37f08b5 elementor-widget elementor-widget-text-editor\" data-id=\"37f08b5\" data-element_type=\"widget\" data-e-type=\"widget\" data-widget_type=\"text-editor.default\">\n\t\t\t\t<div class=\"elementor-widget-container\">\n\t\t\t\t\t\t\t\t\t<p>Ul. Bojkowska 37A<br \/>44-100 Gliwice<br \/>POLEN<\/p><p>Tel. +44 (0) 845 805 74 79<br \/>Email: sales@future-processing.com<\/p>\t\t\t\t\t\t\t\t<\/div>\n\t\t\t\t<\/div>\n\t\t\t\t\t<\/div>\n\t\t\t\t<\/div>\n\t\t<div class=\"elementor-element elementor-element-bf71fd4 e-flex e-con-boxed e-con e-parent\" data-id=\"bf71fd4\" data-element_type=\"container\" data-e-type=\"container\">\n\t\t\t\t\t<div class=\"e-con-inner\">\n\t\t\t\t<div class=\"elementor-element elementor-element-2b2ade0 elementor-widget elementor-widget-fp_header\" data-id=\"2b2ade0\" data-element_type=\"widget\" data-e-type=\"widget\" data-widget_type=\"fp_header.default\">\n\t\t\t\t<div class=\"elementor-widget-container\">\n\t\t\t\t\t        <h2        class=\"f-headline-semi-large f-headline-semi-large--light                \"\n        >\n        <div ><p><strong>Vorstand:<\/strong><\/p><\/div>\n        <\/h2>\n        \t\t\t\t<\/div>\n\t\t\t\t<\/div>\n\t\t\t\t<div class=\"elementor-element elementor-element-753445c elementor-widget elementor-widget-text-editor\" data-id=\"753445c\" data-element_type=\"widget\" data-e-type=\"widget\" data-widget_type=\"text-editor.default\">\n\t\t\t\t<div class=\"elementor-widget-container\">\n\t\t\t\t\t\t\t\t\t<p>Micha\u0142 Sztanga (Vorstandsvorsitzender)<br \/>Tomasz Ciapa\u0142a (stellvertretender Vorsitzende)<br \/>Miko\u0142aj Gw\u00f3\u017ad\u017a (stellvertretender Vorsitzende)<br \/>Pawe\u0142 Pustelnik (stellvertretender Vorsitzende)<\/p><p>Registriert beim Polinischen\u00a0<a href=\"https:\/\/ems.ms.gov.pl\/krs\/danepodmiotu\" target=\"_blank\" rel=\"noopener\">Krajowy Rejestr S\u0105dowy<\/a><br \/>Registernummer (Polen: KRS): 0000817352<br \/>Umsatzsteuer-Identifikationsnummer PL 6342532128<br \/>Gewerbeanmeldungsnummer (Polen: REGON) 278263445<br \/>EORI Nummer: PL634253212850<\/p>\t\t\t\t\t\t\t\t<\/div>\n\t\t\t\t<\/div>\n\t\t\t\t\t<\/div>\n\t\t\t\t<\/div>\n\t\t\t\t<\/div>\n\t\t","protected":false},"excerpt":{"rendered":"<p>Future Processing S.A. Ul. Bojkowska 37A44-100 GliwicePOLEN Tel. +44 (0) 845 805 74 79Email: sales@future-processing.com Vorstand: Micha\u0142 Sztanga (Vorstandsvorsitzender)Tomasz Ciapa\u0142a (stellvertretender Vorsitzende)Miko\u0142aj Gw\u00f3\u017ad\u017a (stellvertretender Vorsitzende)Pawe\u0142 Pustelnik (stellvertretender Vorsitzende) Registriert beim Polinischen\u00a0Krajowy Rejestr S\u0105dowyRegisternummer (Polen: KRS): 0000817352Umsatzsteuer-Identifikationsnummer PL 6342532128Gewerbeanmeldungsnummer (Polen: REGON) 278263445EORI Nummer: PL634253212850<\/p>\n","protected":false},"author":3,"featured_media":0,"parent":0,"menu_order":0,"comment_status":"closed","ping_status":"closed","template":"","meta":{"_acf_changed":false,"footnotes":""},"class_list":["post-23854","page","type-page","status-publish","hentry"],"acf":[],"lang":"de","translations":{"de":23854},"pll_sync_post":[],"_links":{"self":[{"href":"https:\/\/www.future-processing.com\/wp-json\/wp\/v2\/pages\/23854","targetHints":{"allow":["GET"]}}],"collection":[{"href":"https:\/\/www.future-processing.com\/wp-json\/wp\/v2\/pages"}],"about":[{"href":"https:\/\/www.future-processing.com\/wp-json\/wp\/v2\/types\/page"}],"author":[{"embeddable":true,"href":"https:\/\/www.future-processing.com\/wp-json\/wp\/v2\/users\/3"}],"replies":[{"embeddable":true,"href":"https:\/\/www.future-processing.com\/wp-json\/wp\/v2\/comments?post=23854"}],"version-history":[{"count":0,"href":"https:\/\/www.future-processing.com\/wp-json\/wp\/v2\/pages\/23854\/revisions"}],"wp:attachment":[{"href":"https:\/\/www.future-processing.com\/wp-json\/wp\/v2\/media?parent=23854"}],"curies":[{"name":"wp","href":"https:\/\/api.w.org\/{rel}","templated":true}]}}